{"id":5,"date":"2021-07-07T16:02:16","date_gmt":"2021-07-07T16:02:16","guid":{"rendered":"https:\/\/ra-pierenkemper.de\/?page_id=5"},"modified":"2021-08-10T09:19:08","modified_gmt":"2021-08-10T09:19:08","slug":"bewerter-service-neue-adresse","status":"publish","type":"page","link":"https:\/\/ra-pierenkemper.de\/","title":{"rendered":"Herzlich Willkommen"},"content":{"rendered":"\n<h2 class=\"alignwide has-text-align-wide has-gigantic-font-size wp-block-heading\" style=\"line-height:1.1\">Bew\u00e4hrter Service neue Adresse<\/h2>\n\n\n\n<div style=\"height:100px\" aria-hidden=\"true\" class=\"wp-block-spacer\"><\/div>\n\n\n\n<div class=\"wp-block-columns alignwide are-vertically-aligned-center is-style-twentytwentyone-columns-overlap is-layout-flex wp-container-3 wp-block-columns-is-layout-flex\">\n<div class=\"wp-block-column is-vertically-aligned-center is-layout-flow wp-block-column-is-layout-flow\">\n<h2 class=\"wp-block-heading\">Telefon: 05242 -9706860<\/h2>\n<\/div>\n\n\n\n<div class=\"wp-block-column is-vertically-aligned-center is-layout-flow wp-block-column-is-layout-flow\">\n<div style=\"height:100px\" aria-hidden=\"true\" class=\"wp-block-spacer\"><\/div>\n<\/div>\n<\/div>\n\n\n\n<div style=\"height:50px\" aria-hidden=\"true\" class=\"wp-block-spacer\"><\/div>\n\n\n\n<div class=\"wp-block-columns alignwide are-vertically-aligned-top is-layout-flex wp-container-7 wp-block-columns-is-layout-flex\">\n<div class=\"wp-block-column is-vertically-aligned-top is-layout-flow wp-block-column-is-layout-flow\">\n<h3 class=\"wp-block-heading\">\u00d6ffnungszeiten<\/h3>\n\n\n\n<p class=\"has-text-align-right\">B\u00fcro: Mo-Do 8.30 bis 12.30 Uhr<br>14.00 bis 17.00 Uhr<br>Freitag: 8.30-12.30 Uhr<\/p>\n<\/div>\n\n\n\n<div class=\"wp-block-column is-vertically-aligned-top is-layout-flow wp-block-column-is-layout-flow\">\n<h3 class=\"wp-block-heading\">Termine nach Vereinbarung<\/h3>\n<\/div>\n\n\n\n<div class=\"wp-block-column is-vertically-aligned-top is-layout-flow wp-block-column-is-layout-flow\">\n<p><\/p>\n<\/div>\n<\/div>\n\n\n\n<p><\/p>\n\n\n<p><iframe loading=\"lazy\" style=\"border: 0;\" src=\"https:\/\/www.google.com\/maps\/embed?pb=!1m18!1m12!1m3!1d6822.842460908719!2d8.30557756851431!3d51.84159922110534!2m3!1f0!2f0!3f0!3m2!1i1024!2i768!4f13.1!3m3!1m2!1s0x47ba293967d7a8d3%3A0x2d7cbe2525977e0!2sAdelheidstra%C3%9Fe%206%2C%2033378%20Rheda-Wiedenbr%C3%BCck!5e0!3m2!1sde!2sde!4v1625832922925!5m2!1sde!2sde\" allowfullscreen=\"allowfullscreen\" width=\"600\" height=\"600\"><\/iframe><\/p>","protected":false},"excerpt":{"rendered":"<p>Bew\u00e4hrter Service neue Adresse Telefon: 05242 -9706860 \u00d6ffnungszeiten B\u00fcro: Mo-Do 8.30 bis 12.30 Uhr14.00 bis 17.00 UhrFreitag: 8.30-12.30 Uhr Termine nach Vereinbarung<\/p>\n","protected":false},"author":1,"featured_media":86,"parent":0,"menu_order":0,"comment_status":"closed","ping_status":"closed","template":"","meta":{"footnotes":""},"yoast_head":"<!-- This site is optimized with the Yoast SEO plugin v22.6 - https:\/\/yoast.com\/wordpress\/plugins\/seo\/ -->\r\n<title>Herzlich Willkommen - Rechtsanwalt Hermann-Josef Pierenkemper<\/title>\r\n<meta name=\"description\" content=\"Bewerter Service - neue Adresse, jetzt Adelheitstr. 6 in Rheda-Wiedenbr\u00fcck\" \/>\r\n<meta name=\"robots\" content=\"index, follow, max-snippet:-1, max-image-preview:large, max-video-preview:-1\" \/>\r\n<link rel=\"canonical\" href=\"https:\/\/ra-pierenkemper.de\/\" \/>\r\n<meta property=\"og:locale\" content=\"de_DE\" \/>\r\n<meta property=\"og:type\" content=\"article\" \/>\r\n<meta property=\"og:title\" content=\"Herzlich Willkommen - Rechtsanwalt Hermann-Josef Pierenkemper\" \/>\r\n<meta property=\"og:description\" content=\"Bewerter Service - neue Adresse, jetzt Adelheitstr. 6 in Rheda-Wiedenbr\u00fcck\" \/>\r\n<meta property=\"og:url\" content=\"https:\/\/ra-pierenkemper.de\/\" \/>\r\n<meta property=\"og:site_name\" content=\"Rechtsanwalt Hermann-Josef Pierenkemper\" \/>\r\n<meta property=\"article:modified_time\" content=\"2021-08-10T09:19:08+00:00\" \/>\r\n<meta property=\"og:image\" content=\"https:\/\/ra-pierenkemper.de\/wp-content\/uploads\/2021\/08\/HausRAPierenkemper.jpg\" \/>\r\n\t<meta property=\"og:image:width\" content=\"1000\" \/>\r\n\t<meta property=\"og:image:height\" content=\"555\" \/>\r\n\t<meta property=\"og:image:type\" content=\"image\/jpeg\" \/>\r\n<meta name=\"twitter:card\" content=\"summary_large_image\" \/>\r\n<meta name=\"twitter:label1\" content=\"Gesch\u00e4tzte Lesezeit\" \/>\n\t<meta name=\"twitter:data1\" content=\"1\u00a0Minute\" \/>\r\n<script type=\"application\/ld+json\" class=\"yoast-schema-graph\">{\"@context\":\"https:\/\/schema.org\",\"@graph\":[{\"@type\":\"WebPage\",\"@id\":\"https:\/\/ra-pierenkemper.de\/\",\"url\":\"https:\/\/ra-pierenkemper.de\/\",\"name\":\"Herzlich Willkommen - Rechtsanwalt Hermann-Josef Pierenkemper\",\"isPartOf\":{\"@id\":\"https:\/\/ra-pierenkemper.de\/#website\"},\"primaryImageOfPage\":{\"@id\":\"https:\/\/ra-pierenkemper.de\/#primaryimage\"},\"image\":{\"@id\":\"https:\/\/ra-pierenkemper.de\/#primaryimage\"},\"thumbnailUrl\":\"https:\/\/ra-pierenkemper.de\/wp-content\/uploads\/2021\/08\/HausRAPierenkemper.jpg\",\"datePublished\":\"2021-07-07T16:02:16+00:00\",\"dateModified\":\"2021-08-10T09:19:08+00:00\",\"description\":\"Bewerter Service - neue Adresse, jetzt Adelheitstr. 6 in Rheda-Wiedenbr\u00fcck\",\"breadcrumb\":{\"@id\":\"https:\/\/ra-pierenkemper.de\/#breadcrumb\"},\"inLanguage\":\"de\",\"potentialAction\":[{\"@type\":\"ReadAction\",\"target\":[\"https:\/\/ra-pierenkemper.de\/\"]}]},{\"@type\":\"ImageObject\",\"inLanguage\":\"de\",\"@id\":\"https:\/\/ra-pierenkemper.de\/#primaryimage\",\"url\":\"https:\/\/ra-pierenkemper.de\/wp-content\/uploads\/2021\/08\/HausRAPierenkemper.jpg\",\"contentUrl\":\"https:\/\/ra-pierenkemper.de\/wp-content\/uploads\/2021\/08\/HausRAPierenkemper.jpg\",\"width\":1000,\"height\":555},{\"@type\":\"BreadcrumbList\",\"@id\":\"https:\/\/ra-pierenkemper.de\/#breadcrumb\",\"itemListElement\":[{\"@type\":\"ListItem\",\"position\":1,\"name\":\"Home\",\"item\":\"https:\/\/ra-pierenkemper.de\/\"},{\"@type\":\"ListItem\",\"position\":2,\"name\":\"Herzlich Willkommen\"}]},{\"@type\":\"WebSite\",\"@id\":\"https:\/\/ra-pierenkemper.de\/#website\",\"url\":\"https:\/\/ra-pierenkemper.de\/\",\"name\":\"Rechtsanwalt Hermann-Josef Pierenkemper\",\"description\":\"\",\"potentialAction\":[{\"@type\":\"SearchAction\",\"target\":{\"@type\":\"EntryPoint\",\"urlTemplate\":\"https:\/\/ra-pierenkemper.de\/?s={search_term_string}\"},\"query-input\":\"required name=search_term_string\"}],\"inLanguage\":\"de\"}]}<\/script>\r\n<!-- \/ Yoast SEO plugin. -->","yoast_head_json":{"title":"Herzlich Willkommen - Rechtsanwalt Hermann-Josef Pierenkemper","description":"Bewerter Service - neue Adresse, jetzt Adelheitstr. 6 in Rheda-Wiedenbr\u00fcck","robots":{"index":"index","follow":"follow","max-snippet":"max-snippet:-1","max-image-preview":"max-image-preview:large","max-video-preview":"max-video-preview:-1"},"canonical":"https:\/\/ra-pierenkemper.de\/","og_locale":"de_DE","og_type":"article","og_title":"Herzlich Willkommen - Rechtsanwalt Hermann-Josef Pierenkemper","og_description":"Bewerter Service - neue Adresse, jetzt Adelheitstr. 6 in Rheda-Wiedenbr\u00fcck","og_url":"https:\/\/ra-pierenkemper.de\/","og_site_name":"Rechtsanwalt Hermann-Josef Pierenkemper","article_modified_time":"2021-08-10T09:19:08+00:00","og_image":[{"width":1000,"height":555,"url":"https:\/\/ra-pierenkemper.de\/wp-content\/uploads\/2021\/08\/HausRAPierenkemper.jpg","type":"image\/jpeg"}],"twitter_card":"summary_large_image","twitter_misc":{"Gesch\u00e4tzte Lesezeit":"1\u00a0Minute"},"schema":{"@context":"https:\/\/schema.org","@graph":[{"@type":"WebPage","@id":"https:\/\/ra-pierenkemper.de\/","url":"https:\/\/ra-pierenkemper.de\/","name":"Herzlich Willkommen - Rechtsanwalt Hermann-Josef Pierenkemper","isPartOf":{"@id":"https:\/\/ra-pierenkemper.de\/#website"},"primaryImageOfPage":{"@id":"https:\/\/ra-pierenkemper.de\/#primaryimage"},"image":{"@id":"https:\/\/ra-pierenkemper.de\/#primaryimage"},"thumbnailUrl":"https:\/\/ra-pierenkemper.de\/wp-content\/uploads\/2021\/08\/HausRAPierenkemper.jpg","datePublished":"2021-07-07T16:02:16+00:00","dateModified":"2021-08-10T09:19:08+00:00","description":"Bewerter Service - neue Adresse, jetzt Adelheitstr. 6 in Rheda-Wiedenbr\u00fcck","breadcrumb":{"@id":"https:\/\/ra-pierenkemper.de\/#breadcrumb"},"inLanguage":"de","potentialAction":[{"@type":"ReadAction","target":["https:\/\/ra-pierenkemper.de\/"]}]},{"@type":"ImageObject","inLanguage":"de","@id":"https:\/\/ra-pierenkemper.de\/#primaryimage","url":"https:\/\/ra-pierenkemper.de\/wp-content\/uploads\/2021\/08\/HausRAPierenkemper.jpg","contentUrl":"https:\/\/ra-pierenkemper.de\/wp-content\/uploads\/2021\/08\/HausRAPierenkemper.jpg","width":1000,"height":555},{"@type":"BreadcrumbList","@id":"https:\/\/ra-pierenkemper.de\/#breadcrumb","itemListElement":[{"@type":"ListItem","position":1,"name":"Home","item":"https:\/\/ra-pierenkemper.de\/"},{"@type":"ListItem","position":2,"name":"Herzlich Willkommen"}]},{"@type":"WebSite","@id":"https:\/\/ra-pierenkemper.de\/#website","url":"https:\/\/ra-pierenkemper.de\/","name":"Rechtsanwalt Hermann-Josef Pierenkemper","description":"","potentialAction":[{"@type":"SearchAction","target":{"@type":"EntryPoint","urlTemplate":"https:\/\/ra-pierenkemper.de\/?s={search_term_string}"},"query-input":"required name=search_term_string"}],"inLanguage":"de"}]}},"_links":{"self":[{"href":"https:\/\/ra-pierenkemper.de\/index.php?rest_route=\/wp\/v2\/pages\/5"}],"collection":[{"href":"https:\/\/ra-pierenkemper.de\/index.php?rest_route=\/wp\/v2\/pages"}],"about":[{"href":"https:\/\/ra-pierenkemper.de\/index.php?rest_route=\/wp\/v2\/types\/page"}],"author":[{"embeddable":true,"href":"https:\/\/ra-pierenkemper.de\/index.php?rest_route=\/wp\/v2\/users\/1"}],"replies":[{"embeddable":true,"href":"https:\/\/ra-pierenkemper.de\/index.php?rest_route=%2Fwp%2Fv2%2Fcomments&post=5"}],"version-history":[{"count":9,"href":"https:\/\/ra-pierenkemper.de\/index.php?rest_route=\/wp\/v2\/pages\/5\/revisions"}],"predecessor-version":[{"id":85,"href":"https:\/\/ra-pierenkemper.de\/index.php?rest_route=\/wp\/v2\/pages\/5\/revisions\/85"}],"wp:featuredmedia":[{"embeddable":true,"href":"https:\/\/ra-pierenkemper.de\/index.php?rest_route=\/wp\/v2\/media\/86"}],"wp:attachment":[{"href":"https:\/\/ra-pierenkemper.de\/index.php?rest_route=%2Fwp%2Fv2%2Fmedia&parent=5"}],"curies":[{"name":"wp","href":"https:\/\/api.w.org\/{rel}","templated":true}]}}